{"id":2,"date":"2011-12-05T19:59:00","date_gmt":"2011-12-05T19:59:00","guid":{"rendered":"http:\/\/www.skischule-beni.de\/demo\/?page_id=2"},"modified":"2026-03-23T08:55:05","modified_gmt":"2026-03-23T08:55:05","slug":"beispiel-seite","status":"publish","type":"page","link":"https:\/\/www.skischule-beni.de\/","title":{"rendered":"Aktuelles"},"content":{"rendered":"<p>&nbsp;<\/p>\n<p><a href=\"https:\/\/www.skischule-beni.de\/wp-content\/uploads\/2022\/03\/IMG-20220228-WA0002.jpg\"><img loading=\"lazy\" class=\"alignnone wp-image-3294 size-thumbnail\" src=\"https:\/\/www.skischule-beni.de\/wp-content\/uploads\/2022\/03\/IMG-20220228-WA0002-150x150.jpg\" alt=\"\" width=\"150\" height=\"150\" \/><\/a><a href=\"https:\/\/www.skischule-beni.de\/wp-content\/uploads\/2022\/04\/20220403_144739-scaled.jpg\"><img loading=\"lazy\" class=\"alignnone size-thumbnail wp-image-3332\" src=\"https:\/\/www.skischule-beni.de\/wp-content\/uploads\/2022\/04\/20220403_144739-150x150.jpg\" alt=\"\" width=\"150\" height=\"150\" \/><\/a><a href=\"https:\/\/www.skischule-beni.de\/wp-content\/uploads\/2022\/02\/IMG-20220204-WA0007.jpg\"><img loading=\"lazy\" class=\"alignnone wp-image-3275 size-thumbnail\" src=\"https:\/\/www.skischule-beni.de\/wp-content\/uploads\/2022\/02\/IMG-20220204-WA0007-150x150.jpg\" alt=\"\" width=\"150\" height=\"150\" \/><\/a><\/p>\n<p>&nbsp;<\/p>\n<p style=\"text-align: center;\"><span style=\"font-size: x-large;\"><strong style=\"color: #ff0000; font-size: x-large; text-align: center;\"><span style=\"color: #0000ff;\"><span style=\"font-family: 'comic sans ms', sans-serif;\">Skischule\u00a0 <\/span><\/span><\/strong><span style=\"color: #0000ff;\">\u00a0<\/span><span style=\"text-align: center;\"><strong><span style=\"font-size: 12pt;\">und\u00a0 \u00a0 <\/span><\/strong>\u00a0<\/span><\/span><span style=\"font-size: x-large;\"><span style=\"font-family: 'comic sans ms', sans-serif;\"><strong style=\"color: #ff0000; font-size: x-large; text-align: center;\"><span style=\"color: #0000ff;\">Verleihstation<\/span><\/strong><\/span><\/span><\/p>\n<p style=\"text-align: center;\"><span style=\"font-size: small; color: #000000;\"><strong><span style=\"color: #000000;\">Mitglied im<\/span>\u00a0<\/strong><\/span><span style=\"color: #0000ff;\"><strong style=\"font-size: small;\">Deutschen Skilehrerverband<span style=\"color: #000000;\"> seit <\/span><span style=\"font-size: large;\">1986<\/span><\/strong><\/span><\/p>\n<p style=\"text-align: center;\"><span style=\"font-size: large;\"><em><span style=\"color: #0000ff;\"><strong>&#8220;Schifahrn dahoam&#8220;<\/strong><\/span><\/em><\/span><\/p>\n<p style=\"text-align: center;\"><span style=\"font-size: small;\"><span style=\"color: #000000;\"><strong>am\u00a0<\/strong><\/span><em><span style=\"color: #000000; font-size: 10pt;\"><strong><span style=\"color: #0000ff;\"> Spitzingsee<\/span><\/strong><\/span><span style=\"color: #000000;\"><strong><span style=\"color: #000000;\">\u00a0 dem\u00a0 familienfreundlichen\u00a0 <span style=\"color: #0000ff;\">Skigebiet<\/span> <\/span><\/strong><\/span><\/em><\/span><\/p>\n<p style=\"text-align: center;\"><strong>*****<\/strong><\/p>\n<p style=\"text-align: center;\"><span style=\"color: #000000; font-size: 8pt;\"><strong><span style=\"font-family: comic sans ms, sans-serif;\"><span style=\"color: #0000ff;\"><span style=\"color: #000000;\">Wir haben die Saison beendet und bedanken uns<\/span><\/span><\/span><\/strong><\/span><\/p>\n<p style=\"text-align: center;\"><span style=\"color: #000000; font-size: 8pt;\"><strong><span style=\"font-family: comic sans ms, sans-serif;\"><span style=\"color: #0000ff;\"><span style=\"color: #000000;\"> bei allen <\/span><\/span><\/span><\/strong><\/span><span style=\"color: #000000; font-size: 8pt;\"><strong><span style=\"font-family: comic sans ms, sans-serif;\"><span style=\"color: #0000ff;\"><span style=\"color: #000000;\">unseren G\u00e4sten und Freunden, <\/span><\/span><\/span><\/strong><\/span><\/p>\n<p style=\"text-align: center;\"><span style=\"color: #000000; font-size: 8pt;\"><strong><span style=\"font-family: comic sans ms, sans-serif;\"><span style=\"color: #0000ff;\"><span style=\"color: #000000;\">w\u00fcnschen euch eine <\/span><\/span><\/span><\/strong><\/span><span style=\"font-size: 8pt;\"><span style=\"color: #000000;\"><strong><span style=\"font-family: comic sans ms, sans-serif;\"><span style=\"color: #0000ff;\"><span style=\"color: #000000;\">hoffentlich <\/span><\/span><\/span><\/strong><\/span><span style=\"color: #000000;\"><strong><span style=\"font-family: comic sans ms, sans-serif;\"><span style=\"color: #0000ff;\"><span style=\"color: #000000;\">friedliche Zeit und w\u00fcrden uns <\/span><\/span><\/span><\/strong><\/span><\/span><\/p>\n<p style=\"text-align: center;\"><span style=\"font-size: 8pt;\"><span style=\"color: #000000;\"><strong><span style=\"font-family: comic sans ms, sans-serif;\"><span style=\"color: #0000ff;\"><span style=\"color: #000000;\">auf ein <\/span><\/span><\/span><\/strong><\/span><\/span><span style=\"color: #000000; font-size: 8pt;\"><strong><span style=\"font-family: comic sans ms, sans-serif;\"><span style=\"color: #0000ff;\"><span style=\"color: #000000;\">Wiedersehen in der n\u00e4chsten Saison freuen.\u00a0<\/span><\/span><\/span><\/strong><\/span><\/p>\n<p style=\"text-align: center;\"><strong>*****<\/strong><\/p>\n<p style=\"text-align: center;\"><span style=\"font-size: 8pt; color: #000000;\"><strong>Die <span style=\"color: #0000ff;\">Ausr\u00fcstung<\/span> lieber<span style=\"color: #0000ff;\"> mieten<\/span> statt<span style=\"color: #ff0000;\"> kaufen<\/span> besonders f\u00fcr<span style=\"color: #0000ff;\"> Kinder<\/span><\/strong><\/span><\/p>\n<p style=\"text-align: center;\"><strong><span style=\"font-size: 8pt; font-family: comic sans ms, sans-serif; color: #000000;\">denn die brauchen sonst jedes Jahr <span style=\"color: #ff0000;\">neues<\/span> passendes <span style=\"color: #0000ff;\">Material!<\/span><\/span><\/strong><\/p>\n<p style=\"text-align: center;\"><span style=\"font-size: 8pt; font-family: arial, helvetica, sans-serif;\">\u00a0<strong><span style=\"color: #0000ff;\">Anfahrt<span style=\"color: #000000;\"> zur <\/span>Skischule<\/span> und<span style=\"color: #0000ff;\"> Verleih<span style=\"color: #ff0000; font-size: 10pt;\"> nur<\/span><\/span> \u00fcber unseren beschilderten <\/strong><\/span><\/p>\n<p style=\"text-align: center;\"><span style=\"font-size: 8pt; font-family: arial, helvetica, sans-serif;\"><strong><span style=\"color: #0000ff;\">Weg<\/span> , da der Parkplatz &#8218;Kirche&#8216; <span style=\"color: #ff0000;\">\u00a0kostenpflichtig<\/span> ist!<\/strong><\/span><\/p>\n<p style=\"text-align: center;\"><span style=\"font-size: 8pt;\"><strong><span style=\"color: #0000ff;\">Kursteilnehmer<\/span> bitte<span style=\"color: #0000ff;\"> rechtzeitig<\/span> zu uns in die<span style=\"color: #0000ff;\"> Skischule <\/span><\/strong><strong>\u00a0kommen<\/strong><\/span><\/p>\n<p style=\"text-align: center;\"><span style=\"font-size: 8pt;\"><strong> da wir ca.<span style=\"color: #0000ff;\"> 5 Autominuten <\/span><\/strong><strong>vom <span style=\"color: #0000ff;\">Liftbetrieb<\/span> entfernt sind!<\/strong><\/span><\/p>\n<p style=\"text-align: center;\"><strong>*****<\/strong><\/p>\n<p style=\"text-align: center;\"><span style=\"font-size: 8pt; color: #000000;\"><strong>\u00a0I<\/strong><strong>n unseren <span style=\"color: #0000ff;\">Ferienkursen<\/span> unterrichten<span style=\"color: #0000ff;\"> wir<\/span> in <span style=\"color: #0000ff;\">kleinen<\/span> Gruppen <\/strong><\/span><\/p>\n<p style=\"text-align: center;\"><span style=\"font-size: 8pt; color: #000000;\"><strong>&#8211; max.<span style=\"color: #0000ff;\"> 6 <span style=\"color: #000000;\">Teilnehmer <\/span><\/span>im <span style=\"color: #0000ff;\">Anf\u00e4ngerbereich<\/span><\/strong><\/span><\/p>\n<p style=\"text-align: center;\"><span style=\"font-size: 8pt; color: #000000;\"><strong>&#8211; max.<span style=\"color: #0000ff;\"> 10<\/span> Teilnehmer im <span style=\"color: #0000ff;\">Fortgeschrittenenbereich<\/span><\/strong><\/span><\/p>\n<p style=\"text-align: center;\"><span style=\"font-size: 8pt;\"><span style=\"color: #000000;\"><strong>nach den\u00a0<\/strong><strong><span style=\"color: #0000ff;\">Richtlinien<\/span> <\/strong><\/span><span style=\"color: #000000;\"><strong>der im <\/strong><\/span><\/span><span style=\"font-size: 8pt;\"><strong><span style=\"font-size: 10pt;\"><span style=\"color: #0000ff;\">DSLV <\/span><\/span><span style=\"color: #000000;\">vorgegebenen<\/span> <span style=\"color: #0000ff;\">Kursziele<\/span><\/strong><\/span><\/p>\n<p style=\"text-align: center;\"><span style=\"font-size: 8pt;\"><strong><span style=\"font-family: 'comic sans ms', sans-serif; color: #000000;\">empfohlene Gruppenst\u00e4rke des DSLV max.<span style=\"color: #0000ff; font-size: 10pt;\"> 10<\/span> Teilnehmer<\/span><\/strong><\/span><\/p>\n<p style=\"text-align: center;\"><span style=\"font-size: 10pt; color: #000000;\"><strong><span style=\"font-family: 'comic sans ms', sans-serif;\">Daher <span style=\"color: #0000ff; font-size: 10pt;\">unsere <\/span>Devise:<\/span><\/strong><\/span><\/p>\n<p style=\"text-align: center;\"><span style=\"font-size: 10pt; color: #000000;\"><strong><span style=\"font-family: 'comic sans ms', sans-serif;\">Lieber auf<span style=\"color: #0000ff;\"> Umsatz<\/span> verzichten <\/span><\/strong><\/span><\/p>\n<p style=\"text-align: center;\"><span style=\"font-size: 10pt; color: #000000;\"><strong><span style=\"font-family: 'comic sans ms', sans-serif;\">als auf <span style=\"color: #0000ff;\">Anstand<\/span> und <span style=\"color: #0000ff;\">Sorgfaltspflicht<\/span>!<\/span><\/strong><\/span><\/p>\n<p style=\"text-align: center;\"><strong>*****<\/strong><\/p>\n<p style=\"text-align: center;\"><img loading=\"lazy\" class=\"aligncenter size-thumbnail wp-image-2472\" title=\"Supra\" src=\"https:\/\/www.skischule-beni.de\/wp-content\/uploads\/2011\/12\/BILD00085-150x150.jpg\" alt=\"\" width=\"150\" height=\"150\" \/><\/p>\n<p style=\"text-align: center;\"><strong><span style=\"font-size: 14pt; font-family: 'comic sans ms', sans-serif; color: #0000ff;\">Privatstunden:\u00a0<span style=\"font-size: 10pt; color: #000000;\">f\u00fcr\u00a0<span style=\"color: #0000ff;\">Erwachsene, Jugendliche, Kinder\u00a0<span style=\"color: #000000;\">(ab 6 Jahren)<\/span><\/span><\/span><\/span><\/strong><\/p>\n<p style=\"text-align: center;\"><span style=\"font-size: medium; color: #ff0000;\"><span style=\"font-family: 'comic sans ms', sans-serif;\"><strong><span style=\"color: #0000ff;\">Individualit\u00e4t<\/span><\/strong><\/span> <span style=\"color: #000000;\">&#8211;<\/span><span style=\"font-size: 8pt; color: #000000;\"><strong> und\u00a0nicht<\/strong><\/span><\/span><span style=\"font-size: 8pt; color: #000000;\"><strong>\u00a0Massenabfertigung<\/strong><\/span><\/p>\n<p style=\"text-align: center;\"><span style=\"font-size: small;\"><strong><span style=\"font-size: 8pt; color: #000000;\">steht bei uns an<\/span><span style=\"color: #0000ff;\"> erster Stelle<\/span><span style=\"font-size: 8pt; color: #000000;\"> und das vermitteln\u00a0<\/span><\/strong><\/span><span style=\"color: #000000;\"><strong><span style=\"font-size: 8pt;\">unsere<\/span><\/strong><\/span><\/p>\n<p style=\"text-align: center;\"><span style=\"font-size: 8pt; color: #000000;\"><strong>ausgebildeten<\/strong><\/span><span style=\"color: #0000ff;\"><span style=\"font-size: 10pt;\"><strong> Schilehrer\/innen<span style=\"font-size: 8pt;\">\u00a0<\/span><\/strong><\/span><\/span><span style=\"font-size: 10pt;\"><span style=\"font-size: 8pt; color: #000000;\"><strong>damit der<\/strong><\/span> <strong><span style=\"color: #0000ff;\">Skikurs<\/span><span style=\"color: #000000; font-size: 8pt;\"> zum<\/span> <span style=\"color: #0000ff;\">Erlebnis<\/span><span style=\"font-size: 8pt; color: #000000;\"> wird.<\/span><\/strong><\/span><\/p>\n<div>\n<p>&nbsp;<\/p>\n<\/div>\n","protected":false},"excerpt":{"rendered":"<p>&nbsp; &nbsp; Skischule\u00a0 \u00a0und\u00a0 \u00a0 \u00a0Verleihstation Mitglied im\u00a0Deutschen Skilehrerverband seit 1986 &#8220;Schifahrn dahoam&#8220; am\u00a0 Spitzingsee\u00a0 dem\u00a0 familienfreundlichen\u00a0 Skigebiet ***** Wir haben die Saison beendet und bedanken uns bei allen unseren G\u00e4sten und Freunden, w\u00fcnschen euch eine hoffentlich friedliche Zeit und w\u00fcrden uns auf ein Wiedersehen in der n\u00e4chsten Saison freuen.\u00a0 ***** Die Ausr\u00fcstung lieber mieten [&hellip;]<\/p>\n","protected":false},"author":3,"featured_media":0,"parent":0,"menu_order":1,"comment_status":"open","ping_status":"closed","template":"","meta":[],"_links":{"self":[{"href":"https:\/\/www.skischule-beni.de\/index.php?rest_route=\/wp\/v2\/pages\/2"}],"collection":[{"href":"https:\/\/www.skischule-beni.de\/index.php?rest_route=\/wp\/v2\/pages"}],"about":[{"href":"https:\/\/www.skischule-beni.de\/index.php?rest_route=\/wp\/v2\/types\/page"}],"author":[{"embeddable":true,"href":"https:\/\/www.skischule-beni.de\/index.php?rest_route=\/wp\/v2\/users\/3"}],"replies":[{"embeddable":true,"href":"https:\/\/www.skischule-beni.de\/index.php?rest_route=%2Fwp%2Fv2%2Fcomments&post=2"}],"version-history":[{"count":1903,"href":"https:\/\/www.skischule-beni.de\/index.php?rest_route=\/wp\/v2\/pages\/2\/revisions"}],"predecessor-version":[{"id":3855,"href":"https:\/\/www.skischule-beni.de\/index.php?rest_route=\/wp\/v2\/pages\/2\/revisions\/3855"}],"wp:attachment":[{"href":"https:\/\/www.skischule-beni.de\/index.php?rest_route=%2Fwp%2Fv2%2Fmedia&parent=2"}],"curies":[{"name":"wp","href":"https:\/\/api.w.org\/{rel}","templated":true}]}}